{"id":3705,"date":"2023-07-21T13:03:27","date_gmt":"2023-07-21T12:03:27","guid":{"rendered":"https:\/\/rhillane.com\/?page_id=3705"},"modified":"2025-07-10T13:00:26","modified_gmt":"2025-07-10T12:00:26","slug":"maintenance-mode","status":"publish","type":"page","link":"https:\/\/rhillane.com\/en-ae\/maintenance-mode\/","title":{"rendered":"Maintenance Mode"},"content":{"rendered":"\t\t<div data-elementor-type=\"wp-page\" data-elementor-id=\"3705\" class=\"elementor elementor-3705\" data-elementor-settings=\"{&quot;element_pack_global_tooltip_width&quot;:{&quot;unit&quot;:&quot;px&quot;,&quot;size&quot;:&quot;&quot;,&quot;sizes&quot;:[]},&quot;element_pack_global_tooltip_width_tablet&quot;:{&quot;unit&quot;:&quot;px&quot;,&quot;size&quot;:&quot;&quot;,&quot;sizes&quot;:[]},&quot;element_pack_global_tooltip_width_mobile&quot;:{&quot;unit&quot;:&quot;px&quot;,&quot;size&quot;:&quot;&quot;,&quot;sizes&quot;:[]},&quot;element_pack_global_tooltip_padding&quot;:{&quot;unit&quot;:&quot;px&quot;,&quot;top&quot;:&quot;&quot;,&quot;right&quot;:&quot;&quot;,&quot;bottom&quot;:&quot;&quot;,&quot;left&quot;:&quot;&quot;,&quot;isLinked&quot;:true},&quot;element_pack_global_tooltip_padding_tablet&quot;:{&quot;unit&quot;:&quot;px&quot;,&quot;top&quot;:&quot;&quot;,&quot;right&quot;:&quot;&quot;,&quot;bottom&quot;:&quot;&quot;,&quot;left&quot;:&quot;&quot;,&quot;isLinked&quot;:true},&quot;element_pack_global_tooltip_padding_mobile&quot;:{&quot;unit&quot;:&quot;px&quot;,&quot;top&quot;:&quot;&quot;,&quot;right&quot;:&quot;&quot;,&quot;bottom&quot;:&quot;&quot;,&quot;left&quot;:&quot;&quot;,&quot;isLinked&quot;:true},&quot;element_pack_global_tooltip_border_radius&quot;:{&quot;unit&quot;:&quot;px&quot;,&quot;top&quot;:&quot;&quot;,&quot;right&quot;:&quot;&quot;,&quot;bottom&quot;:&quot;&quot;,&quot;left&quot;:&quot;&quot;,&quot;isLinked&quot;:true},&quot;element_pack_global_tooltip_border_radius_tablet&quot;:{&quot;unit&quot;:&quot;px&quot;,&quot;top&quot;:&quot;&quot;,&quot;right&quot;:&quot;&quot;,&quot;bottom&quot;:&quot;&quot;,&quot;left&quot;:&quot;&quot;,&quot;isLinked&quot;:true},&quot;element_pack_global_tooltip_border_radius_mobile&quot;:{&quot;unit&quot;:&quot;px&quot;,&quot;top&quot;:&quot;&quot;,&quot;right&quot;:&quot;&quot;,&quot;bottom&quot;:&quot;&quot;,&quot;left&quot;:&quot;&quot;,&quot;isLinked&quot;:true}}\" data-elementor-post-type=\"page\">\n\t\t\t\t\t\t<section class=\"elementor-section elementor-top-section elementor-element elementor-element-34ea43b elementor-section-height-full elementor-section-full_width elementor-section-height-default elementor-section-items-middle\" data-id=\"34ea43b\" data-element_type=\"section\" data-e-type=\"section\" data-settings=\"{&quot;jet_parallax_layout_list&quot;:[]}\">\n\t\t\t\t\t\t<div class=\"elementor-container elementor-column-gap-no\">\n\t\t\t\t\t<div class=\"elementor-column elementor-col-100 elementor-top-column elementor-element elementor-element-022b3f0\" data-id=\"022b3f0\" data-element_type=\"column\" data-e-type=\"column\">\n\t\t\t<div class=\"elementor-widget-wrap elementor-element-populated\">\n\t\t\t\t\t\t<section class=\"elementor-section elementor-inner-section elementor-element elementor-element-465036e elementor-section-boxed elementor-section-height-default elementor-section-height-default\" data-id=\"465036e\" data-element_type=\"section\" data-e-type=\"section\" data-settings=\"{&quot;jet_parallax_layout_list&quot;:[]}\">\n\t\t\t\t\t\t<div class=\"elementor-container elementor-column-gap-default\">\n\t\t\t\t\t<div class=\"elementor-column elementor-col-100 elementor-inner-column elementor-element elementor-element-1d3c9eb\" data-id=\"1d3c9eb\" data-element_type=\"column\" data-e-type=\"column\">\n\t\t\t<div class=\"elementor-widget-wrap elementor-element-populated\">\n\t\t\t\t\t\t<div class=\"elementor-element elementor-element-f3e73bb elementor-widget elementor-widget-heading\" data-id=\"f3e73bb\" data-element_type=\"widget\" data-e-type=\"widget\" data-widget_type=\"heading.default\">\n\t\t\t\t\t<h1 class=\"elementor-heading-title elementor-size-default\">Notre site est en cours de maintenance <\/h1>\t\t\t\t<\/div>\n\t\t\t\t<div class=\"elementor-element elementor-element-6e20ef5 elementor-widget elementor-widget-text-editor\" data-id=\"6e20ef5\" data-element_type=\"widget\" data-e-type=\"widget\" data-widget_type=\"text-editor.default\">\n\t\t\t\t\t\t\t\t\t<div class=\"error-page__message\" data-test-id=\"error-page-message\" data-v-7d121550=\"\">Notre site web est actuellement en cours de maintenance, mais nous serons de retour tr\u00e8s bient\u00f4t. Soyez assur\u00e9(e) que nous travaillons avec diligence pour vous assurer une navigation plus fluide et agr\u00e9able. Merci pour votre patience!<\/div>\t\t\t\t\t\t\t\t<\/div>\n\t\t\t\t\t<\/div>\n\t\t<\/div>\n\t\t\t\t\t<\/div>\n\t\t<\/section>\n\t\t\t\t<section class=\"elementor-section elementor-inner-section elementor-element elementor-element-c29f19f elementor-section-full_width elementor-section-height-default elementor-section-height-default\" data-id=\"c29f19f\" data-element_type=\"section\" data-e-type=\"section\" data-settings=\"{&quot;jet_parallax_layout_list&quot;:[]}\">\n\t\t\t\t\t\t<div class=\"elementor-container elementor-column-gap-no\">\n\t\t\t\t\t<div class=\"elementor-column elementor-col-100 elementor-inner-column elementor-element elementor-element-17ce6b6\" data-id=\"17ce6b6\" data-element_type=\"column\" data-e-type=\"column\">\n\t\t\t<div class=\"elementor-widget-wrap elementor-element-populated\">\n\t\t\t\t\t\t<div class=\"elementor-element elementor-element-f6ced44 elementor-widget elementor-widget-image\" data-id=\"f6ced44\" data-element_type=\"widget\" data-e-type=\"widget\" data-widget_type=\"image.default\">\n\t\t\t\t\t\t\t\t\t\t\t\t\t\t\t<img fetchpriority=\"high\" decoding=\"async\" width=\"1352\" height=\"172\" src=\"https:\/\/rhillane.com\/en-ae\/wp-content\/uploads\/sites\/18\/2023\/07\/maintenance-mode-illustration1.svg\" class=\"attachment-full size-full wp-image-3708\" alt=\"\" title=\"\">\t\t\t\t\t\t\t\t\t\t\t\t\t\t\t<\/div>\n\t\t\t\t\t<\/div>\n\t\t<\/div>\n\t\t\t\t\t<\/div>\n\t\t<\/section>\n\t\t\t\t<section class=\"elementor-section elementor-inner-section elementor-element elementor-element-f39e7a6 elementor-section-boxed elementor-section-height-default elementor-section-height-default\" data-id=\"f39e7a6\" data-element_type=\"section\" data-e-type=\"section\" data-settings=\"{&quot;jet_parallax_layout_list&quot;:[]}\">\n\t\t\t\t\t\t<div class=\"elementor-container elementor-column-gap-default\">\n\t\t\t\t\t<div class=\"elementor-column elementor-col-33 elementor-inner-column elementor-element elementor-element-673ebb9\" data-id=\"673ebb9\" data-element_type=\"column\" data-e-type=\"column\">\n\t\t\t<div class=\"elementor-widget-wrap elementor-element-populated\">\n\t\t\t\t\t\t<div class=\"elementor-element elementor-element-3515399 bdt-icon-type-icon elementor-position-top bdt-icon-effect-none elementor-widget elementor-widget-bdt-advanced-icon-box\" data-id=\"3515399\" data-element_type=\"widget\" data-e-type=\"widget\" data-widget_type=\"bdt-advanced-icon-box.default\">\n\t\t\t\t\t\t\t<div class=\"bdt-ep-advanced-icon-box\">\n\n\t\t\t\t\t\t\t\n\t\t\t\t\t<div class=\"bdt-ep-advanced-icon-box-icon\">\n\t\t\t\t<span class=\"bdt-ep-advanced-icon-box-icon-wrap\">\n\n\n\t\t\t\t\t\n\t\t\t\t\t\t<i aria-hidden=\"true\" class=\"ti ti-location-pin\"><\/i>\n\n\t\t\t\t\t\t\t\t\t<\/span>\n\t\t\t<\/div>\n\t\t\n\t\t\t\t\n\t\t\t<div class=\"bdt-ep-advanced-icon-box-content\">\n\n\t\t\t\t\t\t\t\t\t\n\t\t\t\t\t<h3 class=\"bdt-ep-advanced-icon-box-title ep-title-\">\n\t\t\t\t<span >\n\t\t\t\t\t Visitez nos locaux \t\t\t\t<\/span>\n\t\t\t<\/h3>\n\t\t\n\n\t\t\n\t\t\t\t\t\n\t\t\t\t\n\t\t\t\t\t\t\t\t\t<div class=\"bdt-ep-advanced-icon-box-description\">\n\t\t\t\t\t\t<a style=\"color: inherit\" href=\"https:\/\/www.google.com\/maps\/place\/Rhillane+Marketing+Digital\/@35.775983,-5.802918,15z\/data=!4m2!3m1!1s0x0:0x4a9647510a0258ab?sa=X&amp;ved=2ahUKEwjFz9iV--v3AhUI4oUKHUFdA0cQ_BJ6BAg0EBI\" target=\"_blank\" rel=\"noopener nofollow\">N\u00b0 113, Technopark, Avenue Mohammed V, Tanger 90000<\/a>\t\t\t\t\t<\/div>\n\t\t\t\t\n\t\t\t\t\t\t\t<\/div>\n\t\t<\/div>\n\n\t\t\n\t\t\n\t\t\t\t<\/div>\n\t\t\t\t\t<\/div>\n\t\t<\/div>\n\t\t\t\t<div class=\"elementor-column elementor-col-33 elementor-inner-column elementor-element elementor-element-8784dff\" data-id=\"8784dff\" data-element_type=\"column\" data-e-type=\"column\">\n\t\t\t<div class=\"elementor-widget-wrap elementor-element-populated\">\n\t\t\t\t\t\t<div class=\"elementor-element elementor-element-257aa7a bdt-icon-type-icon elementor-position-top bdt-icon-effect-none elementor-widget elementor-widget-bdt-advanced-icon-box\" data-id=\"257aa7a\" data-element_type=\"widget\" data-e-type=\"widget\" data-widget_type=\"bdt-advanced-icon-box.default\">\n\t\t\t\t\t\t\t<div class=\"bdt-ep-advanced-icon-box\">\n\n\t\t\t\t\t\t\t\n\t\t\t\t\t<div class=\"bdt-ep-advanced-icon-box-icon\">\n\t\t\t\t<span class=\"bdt-ep-advanced-icon-box-icon-wrap\">\n\n\n\t\t\t\t\t\n\t\t\t\t\t\t<i aria-hidden=\"true\" class=\"ti ti-email\"><\/i>\n\n\t\t\t\t\t\t\t\t\t<\/span>\n\t\t\t<\/div>\n\t\t\n\t\t\t\t\n\t\t\t<div class=\"bdt-ep-advanced-icon-box-content\">\n\n\t\t\t\t\t\t\t\t\t\n\t\t\t\t\t<h3 class=\"bdt-ep-advanced-icon-box-title ep-title-\">\n\t\t\t\t<span >\n\t\t\t\t\t Connectez-vous avec nous \t\t\t\t<\/span>\n\t\t\t<\/h3>\n\t\t\n\n\t\t\n\t\t\t\t\t\n\t\t\t\t\n\t\t\t\t\t\t\t\t\t<div class=\"bdt-ep-advanced-icon-box-description\">\n\t\t\t\t\t\t<a style=\"color: inherit\" href=\"mailto:contact@rhillane.com\">contact@rhillane.com<\/a>\u00a0 \u2014\u00a0 <a style=\"color: inherit\" href=\"mailto:info@rhillane.com\">info@rhillane.com<\/a>\t\t\t\t\t<\/div>\n\t\t\t\t\n\t\t\t\t\t\t\t<\/div>\n\t\t<\/div>\n\n\t\t\n\t\t\n\t\t\t\t<\/div>\n\t\t\t\t\t<\/div>\n\t\t<\/div>\n\t\t\t\t<div class=\"elementor-column elementor-col-33 elementor-inner-column elementor-element elementor-element-38a42f9\" data-id=\"38a42f9\" data-element_type=\"column\" data-e-type=\"column\">\n\t\t\t<div class=\"elementor-widget-wrap elementor-element-populated\">\n\t\t\t\t\t\t<div class=\"elementor-element elementor-element-40a4afb bdt-icon-type-icon elementor-position-top bdt-icon-effect-none elementor-widget elementor-widget-bdt-advanced-icon-box\" data-id=\"40a4afb\" data-element_type=\"widget\" data-e-type=\"widget\" data-widget_type=\"bdt-advanced-icon-box.default\">\n\t\t\t\t\t\t\t<div class=\"bdt-ep-advanced-icon-box\">\n\n\t\t\t\t\t\t\t\n\t\t\t\t\t<div class=\"bdt-ep-advanced-icon-box-icon\">\n\t\t\t\t<span class=\"bdt-ep-advanced-icon-box-icon-wrap\">\n\n\n\t\t\t\t\t\n\t\t\t\t\t\t<i aria-hidden=\"true\" class=\"ti ti-headphone-alt\"><\/i>\n\n\t\t\t\t\t\t\t\t\t<\/span>\n\t\t\t<\/div>\n\t\t\n\t\t\t\t\n\t\t\t<div class=\"bdt-ep-advanced-icon-box-content\">\n\n\t\t\t\t\t\t\t\t\t\n\t\t\t\t\t<h3 class=\"bdt-ep-advanced-icon-box-title ep-title-\">\n\t\t\t\t<span >\n\t\t\t\t\tAppelez-nous \t\t\t\t<\/span>\n\t\t\t<\/h3>\n\t\t\n\n\t\t\n\t\t\t\t\t\n\t\t\t\t\n\t\t\t\t\t\t\t\t\t<div class=\"bdt-ep-advanced-icon-box-description\">\n\t\t\t\t\t\t<a style=\"color: inherit\" href=\"tel:+212657336335\">+212 657 336 335<\/a>\t\t\t\t\t<\/div>\n\t\t\t\t\n\t\t\t\t\t\t\t<\/div>\n\t\t<\/div>\n\n\t\t\n\t\t\n\t\t\t\t<\/div>\n\t\t\t\t\t<\/div>\n\t\t<\/div>\n\t\t\t\t\t<\/div>\n\t\t<\/section>\n\t\t\t\t\t<\/div>\n\t\t<\/div>\n\t\t\t\t\t<\/div>\n\t\t<\/section>\n\t\t\t\t<\/div>\n\t\t","protected":false},"excerpt":{"rendered":"<p>Notre site est en cours de maintenance Notre site web est actuellement en cours de maintenance, mais nous serons de retour tr\u00e8s bient\u00f4t. Soyez assur\u00e9(e) [&hellip;]<\/p>\n","protected":false},"author":1,"featured_media":0,"parent":0,"menu_order":0,"comment_status":"closed","ping_status":"closed","template":"","meta":{"_acf_changed":false,"_eb_attr":"","footnotes":""},"class_list":["post-3705","page","type-page","status-publish","hentry"],"acf":[],"_links":{"self":[{"href":"https:\/\/rhillane.com\/en-ae\/wp-json\/wp\/v2\/pages\/3705","targetHints":{"allow":["GET"]}}],"collection":[{"href":"https:\/\/rhillane.com\/en-ae\/wp-json\/wp\/v2\/pages"}],"about":[{"href":"https:\/\/rhillane.com\/en-ae\/wp-json\/wp\/v2\/types\/page"}],"author":[{"embeddable":true,"href":"https:\/\/rhillane.com\/en-ae\/wp-json\/wp\/v2\/users\/1"}],"replies":[{"embeddable":true,"href":"https:\/\/rhillane.com\/en-ae\/wp-json\/wp\/v2\/comments?post=3705"}],"version-history":[{"count":0,"href":"https:\/\/rhillane.com\/en-ae\/wp-json\/wp\/v2\/pages\/3705\/revisions"}],"wp:attachment":[{"href":"https:\/\/rhillane.com\/en-ae\/wp-json\/wp\/v2\/media?parent=3705"}],"curies":[{"name":"wp","href":"https:\/\/api.w.org\/{rel}","templated":true}]}}