{"id":55,"date":"2026-01-19T17:14:46","date_gmt":"2026-01-19T16:14:46","guid":{"rendered":"https:\/\/rhillane.com\/?page_id=55"},"modified":"2026-01-19T17:14:46","modified_gmt":"2026-01-19T16:14:46","slug":"conditions-generales-dutilisation-rhillane-marketing","status":"publish","type":"page","link":"https:\/\/rhillane.com\/fr-fr\/conditions-generales-dutilisation-rhillane-marketing\/","title":{"rendered":"Conditions G\u00e9n\u00e9rales d&rsquo;Utilisation"},"content":{"rendered":"\t\t<div data-elementor-type=\"wp-page\" data-elementor-id=\"55\" class=\"elementor elementor-55\" data-elementor-settings=\"{&quot;element_pack_global_tooltip_width&quot;:{&quot;unit&quot;:&quot;px&quot;,&quot;size&quot;:&quot;&quot;,&quot;sizes&quot;:[]},&quot;element_pack_global_tooltip_width_tablet&quot;:{&quot;unit&quot;:&quot;px&quot;,&quot;size&quot;:&quot;&quot;,&quot;sizes&quot;:[]},&quot;element_pack_global_tooltip_width_mobile&quot;:{&quot;unit&quot;:&quot;px&quot;,&quot;size&quot;:&quot;&quot;,&quot;sizes&quot;:[]},&quot;element_pack_global_tooltip_padding&quot;:{&quot;unit&quot;:&quot;px&quot;,&quot;top&quot;:&quot;&quot;,&quot;right&quot;:&quot;&quot;,&quot;bottom&quot;:&quot;&quot;,&quot;left&quot;:&quot;&quot;,&quot;isLinked&quot;:true},&quot;element_pack_global_tooltip_padding_tablet&quot;:{&quot;unit&quot;:&quot;px&quot;,&quot;top&quot;:&quot;&quot;,&quot;right&quot;:&quot;&quot;,&quot;bottom&quot;:&quot;&quot;,&quot;left&quot;:&quot;&quot;,&quot;isLinked&quot;:true},&quot;element_pack_global_tooltip_padding_mobile&quot;:{&quot;unit&quot;:&quot;px&quot;,&quot;top&quot;:&quot;&quot;,&quot;right&quot;:&quot;&quot;,&quot;bottom&quot;:&quot;&quot;,&quot;left&quot;:&quot;&quot;,&quot;isLinked&quot;:true},&quot;element_pack_global_tooltip_border_radius&quot;:{&quot;unit&quot;:&quot;px&quot;,&quot;top&quot;:&quot;&quot;,&quot;right&quot;:&quot;&quot;,&quot;bottom&quot;:&quot;&quot;,&quot;left&quot;:&quot;&quot;,&quot;isLinked&quot;:true},&quot;element_pack_global_tooltip_border_radius_tablet&quot;:{&quot;unit&quot;:&quot;px&quot;,&quot;top&quot;:&quot;&quot;,&quot;right&quot;:&quot;&quot;,&quot;bottom&quot;:&quot;&quot;,&quot;left&quot;:&quot;&quot;,&quot;isLinked&quot;:true},&quot;element_pack_global_tooltip_border_radius_mobile&quot;:{&quot;unit&quot;:&quot;px&quot;,&quot;top&quot;:&quot;&quot;,&quot;right&quot;:&quot;&quot;,&quot;bottom&quot;:&quot;&quot;,&quot;left&quot;:&quot;&quot;,&quot;isLinked&quot;:true}}\" data-elementor-post-type=\"page\">\n\t\t\t\t\t\t<section class=\"elementor-section elementor-top-section elementor-element elementor-element-b5ea9b5 elementor-section-boxed elementor-section-height-default elementor-section-height-default\" data-id=\"b5ea9b5\" data-element_type=\"section\" data-e-type=\"section\" data-settings=\"{&quot;jet_parallax_layout_list&quot;:[]}\">\n\t\t\t\t\t\t<div class=\"elementor-container elementor-column-gap-default\">\n\t\t\t\t\t<div class=\"elementor-column elementor-col-100 elementor-top-column elementor-element elementor-element-a9bccac\" data-id=\"a9bccac\" data-element_type=\"column\" data-e-type=\"column\">\n\t\t\t<div class=\"elementor-widget-wrap elementor-element-populated\">\n\t\t\t\t\t\t<div class=\"elementor-element elementor-element-304c5b8 elementor-widget elementor-widget-heading\" data-id=\"304c5b8\" data-element_type=\"widget\" data-e-type=\"widget\" data-widget_type=\"heading.default\">\n\t\t\t\t<div class=\"elementor-widget-container\">\n\t\t\t\t\t<h1 class=\"elementor-heading-title elementor-size-default\">Conditions G\u00e9n\u00e9rales d\u2019Utilisation<\/h1>\t\t\t\t<\/div>\n\t\t\t\t<\/div>\n\t\t\t\t<div class=\"elementor-element elementor-element-8fae731 elementor-widget elementor-widget-text-editor\" data-id=\"8fae731\" data-element_type=\"widget\" data-e-type=\"widget\" data-widget_type=\"text-editor.default\">\n\t\t\t\t<div class=\"elementor-widget-container\">\n\t\t\t\t\t\t\t\t\t<h3>1. Pr\u00e9ambule<\/h3><p>L&rsquo;utilisation des services de Rhillane Marketing Digital, inscrite au Registre de Commerce sous le num\u00e9ro 123945-Tanger et situ\u00e9e au Av. Arabie Saoudite, Akram Offices, 5\u00e8me \u00e9tage, N\u00b027, est soumise aux pr\u00e9sentes Conditions G\u00e9n\u00e9rales d&rsquo;Utilisation (CGU).<\/p><h3><strong>2. Services propos\u00e9s<\/strong><\/h3><p>Rhillane Marketing Digital propose une gamme de services relatifs au marketing digital, y compris mais sans s&rsquo;y limiter : Strat\u00e9gie marketing, conception de sites Web, SEO, Copywriting, Design graphique, Gestion des r\u00e9seaux sociaux, Publicit\u00e9s (Google Ads, Facebook, TikTok, Snapchat), E-mailing, G\u00e9n\u00e9ration de prospects, Gestion de la r\u00e9putation, Optimisation des taux de conversion, Formations et consulting.<\/p><h3><strong>3. Modalit\u00e9s d&rsquo;acc\u00e8s<\/strong><\/h3><p>L&rsquo;acc\u00e8s \u00e0 nos services est payant. Les tarifs et les d\u00e9tails des prestations sont fournis sur demande ou sont disponibles sur notre site.<\/p><h3><strong>4. Politique de confidentialit\u00e9<\/strong><\/h3><p>Rhillane Marketing Digital s&rsquo;engage \u00e0 prot\u00e9ger les donn\u00e9es personnelles conform\u00e9ment \u00e0 la Loi 09-08. Plus de d\u00e9tails sont disponibles dans notre politique de confidentialit\u00e9.<\/p><h3><strong>5. Limitation de responsabilit\u00e9<\/strong><\/h3><p>Rhillane.com peut contenir des liens vers d&rsquo;autres sites. Nous ne sommes pas responsables du contenu ou des politiques de confidentialit\u00e9 de ces sites.<\/p><h3><strong>6. Politique de r\u00e9siliation<\/strong><\/h3><p>Les clients peuvent mettre fin \u00e0 leurs contrats conform\u00e9ment aux termes sp\u00e9cifi\u00e9s dans le contrat sign\u00e9 avec Rhillane Marketing Digital. Des frais peuvent s&rsquo;appliquer en fonction des services d\u00e9j\u00e0 rendus.<\/p><h3><strong>7. Politique de remboursement<\/strong><\/h3><p>Les remboursements sont accord\u00e9s selon les conditions sp\u00e9cifi\u00e9es dans le contrat individuel sign\u00e9 avec le client.<\/p><h3><strong>8. Droits d&rsquo;auteur<\/strong><\/h3><p>Tout le contenu cr\u00e9\u00e9 par Rhillane Marketing Digital pour le compte du client reste la propri\u00e9t\u00e9 de Rhillane Marketing Digital jusqu&rsquo;au paiement int\u00e9gral. Apr\u00e8s cela, le client d\u00e9tient les droits, sauf accord contraire.<\/p><h3><strong>9. Sanctions<\/strong><\/h3><p>Toute violation des pr\u00e9sentes CGU peut entra\u00eener la r\u00e9siliation imm\u00e9diate des services et\/ou des sanctions financi\u00e8res, telles que sp\u00e9cifi\u00e9es dans le contrat sign\u00e9 avec le client.<\/p><h3><strong>10. Modifications<\/strong><\/h3><p>Rhillane Marketing Digital se r\u00e9serve le droit de modifier ces CGU \u00e0 tout moment. Il est de la responsabilit\u00e9 des utilisateurs de les consulter r\u00e9guli\u00e8rement.<\/p>\t\t\t\t\t\t\t\t<\/div>\n\t\t\t\t<\/div>\n\t\t\t\t\t<\/div>\n\t\t<\/div>\n\t\t\t\t\t<\/div>\n\t\t<\/section>\n\t\t\t\t<\/div>\n\t\t","protected":false},"excerpt":{"rendered":"<p>Conditions G\u00e9n\u00e9rales d\u2019Utilisation 1. Pr\u00e9ambule L&rsquo;utilisation des services de Rhillane Marketing Digital, inscrite au Registre de Commerce sous le num\u00e9ro 123945-Tanger et situ\u00e9e au Av. [&hellip;]<\/p>\n","protected":false},"author":1,"featured_media":0,"parent":0,"menu_order":0,"comment_status":"closed","ping_status":"closed","template":"","meta":{"_acf_changed":false,"_eb_attr":"","footnotes":""},"class_list":["post-55","page","type-page","status-publish","hentry"],"acf":[],"_links":{"self":[{"href":"https:\/\/rhillane.com\/fr-fr\/wp-json\/wp\/v2\/pages\/55","targetHints":{"allow":["GET"]}}],"collection":[{"href":"https:\/\/rhillane.com\/fr-fr\/wp-json\/wp\/v2\/pages"}],"about":[{"href":"https:\/\/rhillane.com\/fr-fr\/wp-json\/wp\/v2\/types\/page"}],"author":[{"embeddable":true,"href":"https:\/\/rhillane.com\/fr-fr\/wp-json\/wp\/v2\/users\/1"}],"replies":[{"embeddable":true,"href":"https:\/\/rhillane.com\/fr-fr\/wp-json\/wp\/v2\/comments?post=55"}],"version-history":[{"count":3,"href":"https:\/\/rhillane.com\/fr-fr\/wp-json\/wp\/v2\/pages\/55\/revisions"}],"predecessor-version":[{"id":33538,"href":"https:\/\/rhillane.com\/fr-fr\/wp-json\/wp\/v2\/pages\/55\/revisions\/33538"}],"wp:attachment":[{"href":"https:\/\/rhillane.com\/fr-fr\/wp-json\/wp\/v2\/media?parent=55"}],"curies":[{"name":"wp","href":"https:\/\/api.w.org\/{rel}","templated":true}]}}